{"id":4,"date":"2021-10-01T12:39:57","date_gmt":"2021-10-01T12:39:57","guid":{"rendered":"https:\/\/hamburg-gefahrgut.de\/?page_id=4"},"modified":"2024-12-21T16:24:18","modified_gmt":"2024-12-21T16:24:18","slug":"willkommen-auf-https-hamburg-gefahrgut-de","status":"publish","type":"page","link":"https:\/\/hamburg-gefahrgut.de\/","title":{"rendered":"Starke Gefahrgut-Beratung"},"content":{"rendered":"\n<p>Herzlich willkommen auf der neuen Seite der Starke Gefahrgut-Beratung.<\/p>\n\n\n\n<p>Nach einiger Zeit war es mal wieder soweit, was neues zu beginnen.<\/p>\n\n\n\n<p>Gefahrgutschulungen f\u00fcr die Verkehrstr\u00e4ger Luft, Stra\u00dfe und See werden von uns druchgef\u00fchrt.<\/p>\n\n\n\n<p>Gerade im Segment der Gefahrgutschulungen in der Luftfracht haben wir jahrelange Kompetenzen aufgebaut. Mit Wirkung zum 01.01.2023 \u00e4ndern sich die Schulungen f\u00fcr diesen Bereich massiv. Die wohlbekannten Personalkategorien 1 bis 12 sind nach einer \u00dcbergangszeit zum 31.12.2022 ausgelaufen. Statt dessen wurde weltweit das CBTA eingef\u00fchrt mit den T\u00e4tigkeitsbezeichnungen A &#8222;Versender&#8220; bis O &#8222;Sichheitskontrollpersonal&#8220;. Diese neuen Schulungen sollen das Verst\u00e4ndnis und die Anwendung der Gefahrgutvorschriften t\u00e4tigkeitsbezogen vertiefen und die komplette Abwicklung sicherer gestalten. <\/p>\n\n\n\n<p>Wir bieten Ihnen sowohl INHOUSE Schulungen, als auch offene Schulungen zu CBTA an. Wenn Sie Unterst\u00fctzung bei der Umsetzung von CBTA w\u00fcnschen (Beurteilung, T\u00e4tigkeitsnachweisanalyse, Konzept), dann sind wir die richtigen Ansprechpartner.<\/p>\n\n\n\n<p>Weiterhin bitten wir \u00fcber diese Seite auch die Gestellung des externen Gefahrgutbeauftragten an.<\/p>\n\n\n\n<p>Haben Sie Fragen? Bitte rufen Sie uns an&nbsp;+49 172 414 03 01&nbsp;oder schreiben Sie uns eine E-Mail [*dg-gb ( at )&nbsp;dgr-info.com *] Gerne erstellen wir Ihnen ein individuelles Angebot!<\/p>\n","protected":false},"excerpt":{"rendered":"<p>Herzlich willkommen auf der neuen Seite der Starke Gefahrgut-Beratung. Nach einiger Zeit war es mal wieder soweit, was neues zu beginnen. Gefahrgutschulungen f\u00fcr die Verkehrstr\u00e4ger Luft, Stra\u00dfe und See werden [&hellip;]<\/p>\n","protected":false},"author":1,"featured_media":0,"parent":0,"menu_order":0,"comment_status":"closed","ping_status":"open","template":"","meta":{"footnotes":""},"class_list":["post-4","page","type-page","status-publish","hentry"],"_links":{"self":[{"href":"https:\/\/hamburg-gefahrgut.de\/index.php?rest_route=\/wp\/v2\/pages\/4","targetHints":{"allow":["GET"]}}],"collection":[{"href":"https:\/\/hamburg-gefahrgut.de\/index.php?rest_route=\/wp\/v2\/pages"}],"about":[{"href":"https:\/\/hamburg-gefahrgut.de\/index.php?rest_route=\/wp\/v2\/types\/page"}],"author":[{"embeddable":true,"href":"https:\/\/hamburg-gefahrgut.de\/index.php?rest_route=\/wp\/v2\/users\/1"}],"replies":[{"embeddable":true,"href":"https:\/\/hamburg-gefahrgut.de\/index.php?rest_route=%2Fwp%2Fv2%2Fcomments&post=4"}],"version-history":[{"count":5,"href":"https:\/\/hamburg-gefahrgut.de\/index.php?rest_route=\/wp\/v2\/pages\/4\/revisions"}],"predecessor-version":[{"id":132,"href":"https:\/\/hamburg-gefahrgut.de\/index.php?rest_route=\/wp\/v2\/pages\/4\/revisions\/132"}],"wp:attachment":[{"href":"https:\/\/hamburg-gefahrgut.de\/index.php?rest_route=%2Fwp%2Fv2%2Fmedia&parent=4"}],"curies":[{"name":"wp","href":"https:\/\/api.w.org\/{rel}","templated":true}]}}