{"id":31,"date":"2021-10-02T07:56:14","date_gmt":"2021-10-02T07:56:14","guid":{"rendered":"https:\/\/hamburg-gefahrgut.de\/?page_id=31"},"modified":"2021-10-02T07:56:14","modified_gmt":"2021-10-02T07:56:14","slug":"impressum-und-datenschutzerklaerung","status":"publish","type":"page","link":"https:\/\/hamburg-gefahrgut.de\/?page_id=31","title":{"rendered":"Impressum und Datenschutzerkl\u00e4rung"},"content":{"rendered":"\n<p><strong>Impressum<\/strong><\/p>\n\n\n\n<p>Redaktionsanschrift:<\/p>\n\n\n\n<p><strong>Starke Gefahrgut-Beratung<\/strong><br><strong>Martin Starke<\/strong><br><strong>Sommerkamp 14<\/strong><br><strong>22335 Hamburg<\/strong><\/p>\n\n\n\n<p><br>Redaktion und inhaltlich verantwortlich gem\u00e4\u00df \u00a7 10 Absatz 3 MDStV:<br>Martin Starke<\/p>\n\n\n\n<p>Datenschutzerkl\u00e4rung, Nutzungsbedingungen, Haftungsausschluss, Disclaimer, Abuse, weitere Informationen<br><br>Alle Informationen auf diesen Seiten stammen aus Quellen, die Herausgeber und Verfasser f\u00fcr zuverl\u00e4ssig erachten.<\/p>\n\n\n\n<p>Genderhinweis: Aus Gr\u00fcnden der besseren Lesbarkeit wird an einigen Stellen auf dieser Internetseite auf eine geschlechtsneutrale Differenzierung (z.B. Mitarbeiterinnen\/Mitarbeiter) verzichtet. Entsprechende Begriffe gelten im Sinne der Gleichbehandlung grunds\u00e4tzlich f\u00fcr alle Geschlechter. Die verk\u00fcrzte Sprachform hat nur redaktionelle Gr\u00fcnde bzw. dient der besseren Lesbarkeit und beinhaltet keine Wertung.<br><br>Auf folgenden Punkte bei der Nutzung der Webseite m\u00f6chten wir vorsorglich hinweisen:<\/p>\n\n\n\n<p><strong>1. Inhalt des Onlineangebotes<\/strong><\/p>\n\n\n\n<p>Der Seiteninhaber \u00fcbernimmt keinerlei Gew\u00e4hr f\u00fcr die Aktualit\u00e4t, Korrektheit, Vollst\u00e4ndigkeit oder Qualit\u00e4t der bereitgestellten Informationen. Haftungsanspr\u00fcche gegen den Inhaber die sich auf Sch\u00e4den materieller oder ideeller Art beziehen, welche durch die Nutzung oder Nichtnutzung der dargebotenen Informationen bzw. durch die Nutzung fehlerhafter und unvollst\u00e4ndiger Informationen verursacht wurden, sind grunds\u00e4tzlich ausgeschlossen, sofern seitens des Inhabers kein nachweislich vors\u00e4tzliches oder grob fahrl\u00e4ssiges Verschulden vorliegt. Der Inhaber beh\u00e4lt es<br>sich ausdr\u00fccklich vor, Teile der Seiten oder das gesamte Angebot ohne gesonderte Ank\u00fcndigung zu ver\u00e4ndern, zu erg\u00e4nzen, zu l\u00f6schen oder die Ver\u00f6ffentlichung zeitweise oder endg\u00fcltig einzustellen. Namentlich gekennzeichnete Beitr\u00e4ge geben nicht unbedingt die Meinung der Redaktion wieder. Es ist nicht gestattet, Namen und Adressdaten, sowie Internet- oder eMail-Adressen aus der Website zu filtern, um diese f\u00fcr Werbe- oder andere Ma\u00dfnahmen zu nutzen. Eine entsprechende Strafverfolgung bleibt vorbehalten. Inhalte dieser Website d\u00fcrfen nicht ohne schriftliche Zustimmung in einen \u201eFrame\u201c einer anderen Website geladen werden.<br><\/p>\n\n\n\n<p><strong>2. Verweise und Links<\/strong><\/p>\n\n\n\n<p>Sofern auf Verweisziele (\u201eLinks\u201c) direkt oder indirekt verwiesen wird, die au\u00dferhalb des Verantwortungsbereiches des Inhabers liegen, haftet dieser gem\u00e4\u00df \u00a7 5 Abs. 2 TDG nur dann, wenn er von den Inhalten Kenntnis hat und es ihm technisch m\u00f6glich und zumutbar w\u00e4re, die Nutzung im Falle rechtswidriger Inhalte zu verhindern. Haben Sie solche Verweise entdeckt, dann kontaktieren Sie uns bitte mit einen entsprechenden Hinweis, wir werden dann umgehend handeln. F\u00fcr dar\u00fcber hinausgehende Inhalte und insbesondere f\u00fcr Sch\u00e4den, die aus der Nutzung oder Nichtnutzung solche Informationen entstehen, haftet allein der Anbieter der Seite, auf welche verwiesen wurde. Diese Einschr\u00e4nkung gilt gleicherma\u00dfen auch f\u00fcr alle Fremdeintr\u00e4ge in vom Inhaber eingerichteten Diskussionsforen, Kleinanzeigen und Kommentarbereichen.<\/p>\n\n\n\n<p><strong>3. Hinweise zur Datenverarbeitung<\/strong><\/p>\n\n\n\n<p><strong>3.1. Name und Kontaktdaten des f\u00fcr die Verarbeitung Verantwortlichen sowie des betrieblichen<br>Datenschutzbeauftragten<\/strong><\/p>\n\n\n\n<p>Diese Datenschutzhinweise gelten f\u00fcr die Datenverarbeitung durch:<br>Verantwortlicher: Starke Gefahrgut-Beratung, vertreten durch den Inhaber Martin Starke, Sommerkamp 14, 22335 Hamburg,<br>Telefon: 0172-4140301, dg-gb[\u00e4tt]dgr-info.com (nachfolgend: Starke Gefahrgut-Beratung)<\/p>\n\n\n\n<p><strong>3.2. Erhebung und Speicherung personenbezogener Daten sowie Art und Zweck und deren Verwendung<\/strong><\/p>\n\n\n\n<p><strong>a)&nbsp;<\/strong>Wenn Sie sich nur f\u00fcr den Newsletter eingetragen haben, dann erheben wir nur Ihre E-Mail-Adresse und den Namen, den Sie bei der Anmeldung angegeben haben. Diese Daten werden nur von uns, f\u00fcr den Informationsversand an Sie, verwendet und nicht an Dritte weitergegeben oder gar verkauft. Wenn Sie sich von unserem Newsletter abmelden m\u00f6chten, dann k\u00f6nnen Sie dies auf unserer Startseite unten links, unter \u201eNewsletter\u201c selbst erledigen, indem Sie Ihre E-Mailadresse eingeben und auf Abmelden klicken (das Namensfeld kann frei bleiben). Sie k\u00f6nnen uns auch eine Mail an Info[at]gefahrgut-nord.de schicken, dann l\u00f6schen wir Sie aus dem Verteiler.<\/p>\n\n\n\n<p><strong>b)&nbsp;<\/strong>Wenn Sie Kunde, Lieferant oder Vertragspartner von Starke Gefahrgut-Beratung sind, erheben wir folgende Informationen:<br>\u2022&nbsp;&nbsp;&nbsp; Anrede, Vorname, Nachname,&nbsp; ggf. auch von weiteren Ansprechpartnern im Unternehmen<br>\u2022&nbsp;&nbsp;&nbsp; eine g\u00fcltige E-Mail-Adresse,<br>\u2022&nbsp;&nbsp;&nbsp; Anschrift<br>\u2022&nbsp;&nbsp;&nbsp; Telefonnummer (Festnetz und\/oder Mobilfunk)<br>\u2022&nbsp;&nbsp;&nbsp; Steuernummern, Umsatzsteueridentnummern<br>\u2022&nbsp;&nbsp;&nbsp; Bankdaten und Umsatzdaten<br>\u2022&nbsp;&nbsp;&nbsp; Informationen, die f\u00fcr die Durchf\u00fchrung des jeweiligen Vertragsverh\u00e4ltnisses notwendig sind<\/p>\n\n\n\n<p>Die Erhebung dieser Daten erfolgt,<br>\u2022&nbsp;&nbsp;&nbsp; um Sie als unseren Vertragspartner identifizieren zu k\u00f6nnen;<br>\u2022&nbsp;&nbsp;&nbsp; um Sie angemessen beraten und das bestehende Vertragsverh\u00e4ltnis erf\u00fcllen zu k\u00f6nnen;<br>\u2022&nbsp;&nbsp;&nbsp; zur Korrespondenz mit Ihnen;<br>\u2022&nbsp;&nbsp;&nbsp; zur Rechnungsstellung;<br>\u2022&nbsp;&nbsp;&nbsp; zur Abwicklung von evtl. vorliegenden Haftungsanspr\u00fcchen sowie der Geltendmachung etwaiger Anspr\u00fcche gegen Sie;<\/p>\n\n\n\n<p>Die Datenverarbeitung erfolgt auf Ihre Anfrage hin und ist nach Art. 6 Abs. 1 S. 1 lit. b DSGVO zu den genannten Zwecken f\u00fcr die angemessene Bearbeitung&nbsp; und die beidseitige Erf\u00fcllung von Verpflichtungen aus dem Vertrag erforderlich. Wir verarbeiten die Daten, die wir im Rahmen unserer Gesch\u00e4ftsbeziehung von Ihnen erhalten haben sowie Daten, die wir aus \u00f6ffentlich zug\u00e4nglichen Verzeichnissen (zB Grundb\u00fccher, Handelsregister, Schuldnerregister).<br>Die f\u00fcr Gesch\u00e4ftsbeziehung von uns erhobenen personenbezogenen Daten werden bis zum Ablauf der gesetzlichen Aufbewahrungspflicht gespeichert und danach gel\u00f6scht, es sei denn, dass wir nach Artikel 6 Abs. 1 S. 1 lit. c DSGVO aufgrund von steuer- und handelsrechtlichen Aufbewahrungs- und Dokumentationspflichten (aus HGB, StGB oder AO) zu einer l\u00e4ngeren Speicherung verpflichtet sind oder Sie in eine dar\u00fcber hinausgehende Speicherung nach Art. 6 Abs. 1 S. 1 lit. a DSGVO eingewilligt haben.<\/p>\n\n\n\n<p><strong>Sonderregelung zur Corona\/COVID19-Datenerfassung:<\/strong><\/p>\n\n\n\n<p>Alle Daten, die wir von unseren TeilnehmerInnen bei offenen Schulungen nach der&nbsp;<a href=\"https:\/\/www.hamburg.de\/verordnung\/\" target=\"_blank\" rel=\"noreferrer noopener\">Hamburgischen SARS-CoV-2-Eind\u00e4mmungsverordnung \u2013 HmbSARS-CoV-2-Eind\u00e4mmungsVO<\/a>&nbsp;erfassen m\u00fcssen, werden wir nach der vierw\u00f6chigen Aufbewahrungspflicht (Stand 06.11.2020) vernichten, eine Weitergabe wird nur nach Anforderung durch und an die zust\u00e4ndigen Beh\u00f6rden geschehen, eine Weitergabe an Dritte ist ausgeschlossen.&nbsp;<\/p>\n\n\n\n<p><strong>3.3. Weitergabe von Daten an Dritte\/Bonit\u00e4tsausk\u00fcnfte<br><\/strong>Eine \u00dcbermittlung Ihrer pers\u00f6nlichen Daten an Dritte zu anderen als den im Folgenden aufgef\u00fchrten Zwecken findet nicht statt. Eine \u00dcbermittlung an ein Land au\u00dferhalb der EU findet nicht statt.<br>Soweit dies nach Art. 6 Abs. 1 S. 1 lit. b und lit. f DSGVO f\u00fcr die Erf\u00fcllung von Vertragsverh\u00e4ltnissen mit Ihnen erforderlich ist, werden Ihre personenbezogenen Daten an Dritte weitergegeben. Hierzu geh\u00f6rt insbesondere folgende Weitergaben:<strong><\/strong><\/p>\n\n\n\n<p>\u2022&nbsp;&nbsp;&nbsp; im Rahmen der Finanzbuchhaltung an den beauftragten Steuerberater,<br>\u2022&nbsp;&nbsp;&nbsp; an Inkasso-Dienstleister und Rechtsanw\u00e4lte um Forderungen einzuziehen und Anspr\u00fcche gerichtlich durchzusetzen<br>\u2022&nbsp;&nbsp;&nbsp; an Speditionen und Logistikdienstleister zur Erf\u00fcllung der bestehenden Lieferverpflichtungen<br>\u2022&nbsp;&nbsp;&nbsp; an Kreditinstitute und Anbieter von Zahlungsdienstleitungen f\u00fcr die Abrechnung und Abwicklung von Zahlungen<br>\u2022&nbsp;&nbsp;&nbsp; \u00f6ffentliche Stellen in begr\u00fcndeten F\u00e4llen, z. B. die Finanzbeh\u00f6rden oder das Luftfahrtbundesamt<br>\u2022&nbsp;&nbsp;&nbsp; IT-Dienstleister zur Aufrechterhaltung unserer IT-Infrastruktur und Datensicherung<br>\u2022&nbsp;&nbsp;&nbsp; unsere Auftraggeber und\/oder Auftragnehmer f\u00fcr Schulungen und Seminare als Vertragspartner der geschlossenen Vertr\u00e4ge<br><br><\/p>\n\n\n\n<p>Die weitergegebenen Daten d\u00fcrfen von dem Dritten ausschlie\u00dflich zu den genannten Zwecken verwendet werden.<\/p>\n\n\n\n<p><strong>3.4. Betroffenenrechte<\/strong><\/p>\n\n\n\n<p>Sie haben das Recht:<\/p>\n\n\n\n<ol class=\"wp-block-list\" type=\"1\"><li>gem\u00e4\u00df Art. 7 Abs. 3 DSGVO Ihre einmal erteilte Einwilligung jederzeit gegen\u00fcber uns zu widerrufen. Dies hat zur Folge, dass wir die Datenverarbeitung, die auf dieser Einwilligung beruhte, f\u00fcr die Zukunft nicht mehr fortf\u00fchren d\u00fcrfen;<\/li><li>\u2022&nbsp;&nbsp;&nbsp; gem\u00e4\u00df Art. 15 DSGVO Auskunft \u00fcber Ihre von uns verarbeiteten personenbezogenen Daten zu verlangen. Insbesondere k\u00f6nnen Sie Auskunft \u00fcber die Verarbeitungszwecke, die Kategorie der personenbezogenen Daten, die Kategorien von Empf\u00e4ngern, gegen\u00fcber denen Ihre Daten offengelegt wurden oder werden, die geplante Speicherdauer, das Bestehen eines Rechts auf Berichtigung, L\u00f6schung, &nbsp;&nbsp;&nbsp;&nbsp; Einschr\u00e4nkung der Verarbeitung oder Widerspruch, das Bestehen eines Beschwerderechts, die Herkunft ihrer Daten, sofern diese nicht bei &nbsp;&nbsp;&nbsp;&nbsp; uns erhoben wurden, sowie \u00fcber das Bestehen einer automatisierten Entscheidungsfindung einschlie\u00dflich Profiling und ggf. aussagekr\u00e4ftigen Informationen zu deren Einzelheiten verlangen;<\/li><li>gem\u00e4\u00df Art. 16 DSGVO unverz\u00fcglich die Berichtigung unrichtiger oder Vervollst\u00e4ndigung Ihrer bei uns gespeicherten personenbezogenen Daten zu verlangen;<\/li><li>\u2022&nbsp;&nbsp;&nbsp; gem\u00e4\u00df Art. 17 DSGVO die L\u00f6schung Ihrer bei uns gespeicherten personenbezogenen Daten zu verlangen, soweit nicht die Verarbeitung zur Aus\u00fcbung des Rechts auf freie Meinungs\u00e4u\u00dferung und Information, zur Erf\u00fcllung einer rechtlichen Verpflichtung, aus Gr\u00fcnden des &nbsp;&nbsp;&nbsp;&nbsp; \u00f6ffentlichen Interesses oder zur Geltendmachung, Aus\u00fcbung oder Verteidigung von Rechtsanspr\u00fcchen erforderlich ist;<\/li><li>\u2022&nbsp;&nbsp;&nbsp; gem\u00e4\u00df Art. 18 DSGVO die Einschr\u00e4nkung der Verarbeitung Ihrer personenbezogenen Daten zu verlangen, soweit die Richtigkeit der Daten &nbsp;&nbsp;&nbsp;&nbsp; von Ihnen bestritten wird, die Verarbeitung unrechtm\u00e4\u00dfig ist, Sie aber deren L\u00f6schung ablehnen und wir die Daten nicht mehr ben\u00f6tigen, &nbsp;&nbsp;&nbsp;&nbsp; Sie jedoch diese zur Geltendmachung, Aus\u00fcbung oder Verteidigung von Rechtsanspr\u00fcchen ben\u00f6tigen oder Sie gem\u00e4\u00df Art. 21 DSGVO &nbsp;&nbsp;&nbsp;&nbsp; Widerspruch gegen die Verarbeitung eingelegt haben;<\/li><li>\u2022&nbsp;&nbsp;&nbsp; gem\u00e4\u00df Art. 20 DSGVO Ihre personenbezogenen Daten, die Sie uns bereitgestellt haben, in einem strukturierten, g\u00e4ngigen und &nbsp;&nbsp;&nbsp;&nbsp; maschinenlesebaren Format zu erhalten oder die \u00dcbermittlung an einen anderen Verantwortlichen zu verlangen und<\/li><li>gem\u00e4\u00df Art. 77 DSGVO sich bei einer Aufsichtsbeh\u00f6rde zu beschweren. In der Regel k\u00f6nnen Sie sich hierf\u00fcr an die Aufsichtsbeh\u00f6rde Ihres \u00fcblichen Aufenthaltsortes oder Arbeitsplatzes oder unseres Unternehmenssitzes wenden.<\/li><\/ol>\n\n\n\n<p><strong>3.5. Datenschutzerkl\u00e4rung zur Nutzung von \u201eGoogle Analytics\u201c<\/strong><\/p>\n\n\n\n<p>Wir nutzen auf dieser Website \u201eGoogle Analytics\u201c und&nbsp; \u201ereCAPTCHA, Version 3\u201c, einen Webanalysedienst und Spamschutz der Google Inc. (Google). \u201eGoogle Analytics\u201c verwendet sogenannte \u201eCookies\u201c, das sind Textdateien, die auf Ihrem Computer gespeichert werden um eine Analyse Ihrer Nutzung unserer Website zu erm\u00f6glichen.<br>Erzeugte Informationen Ihrer Benutzung dieser Website werden durch den \u201eCookie\u201c in der Regel an einen Server von Google in den USA \u00fcbertragen und dort gespeichert. Im Falle der Aktivierung der IP-Anonymisierung auf dieser Webseite wird Ihre IP-Adresse von Google jedoch innerhalb von Mitgliedstaaten der Europ\u00e4ischen Union oder in anderen Vertragsstaaten des Abkommens \u00fcber den Europ\u00e4ischen Wirtschaftsraum zuvor gek\u00fcrzt.<br>Nur in Ausnahmef\u00e4llen wird die volle IP-Adresse an einen Google-Server in die USA \u00fcbertragen und dort gek\u00fcrzt. Im Auftrag des Betreibers dieser Website wird Google diese Informationen benutzen, um Ihre Nutzung unserer Website auszuwerten, um Reports \u00fcber die Aktivit\u00e4ten auf unserer Website zu erstellen und um weitere mit der Websitenutzung und der Internetnutzung verbundene Dienstleistungen uns gegen\u00fcber zu erbringen.<br>Die im Rahmen von \u201eGoogle Analytics\u201c von Ihrem Browser \u00fcbermittelte IP-Adresse wird nicht mit anderen Daten von Google zusammengef\u00fchrt.<br>Sie k\u00f6nnen die Speicherung der Cookies durch eine entsprechende Einstellung Ihrer Browser-Software verhindern. Dies kann aber in seltenen F\u00e4llen dazu f\u00fchren, das nicht alle Funktionen dieser Website voll genutzt werden k\u00f6nnen. Sie k\u00f6nnen aber auch die Erfassung der durch das \u201eCookie\u201c erzeugten und auf Ihre Nutzung unserer Website bezogenen Daten (inklusive Ihrer IP-Adresse) an Google und deren Verarbeitung dieser Daten<br>durch Google verhindern, indem Sie das unter nachfolgenden Link verf\u00fcgbare Browser-Plugin herunterladen und installieren:<br>https:\/\/tools.google.com\/dlpage\/gaoptout?hl=de<\/p>\n\n\n\n<p><strong>3.6. Datenschutzerkl\u00e4rung zur Nutzung von \u201ereCAPTCHA, Version 3\u201c<\/strong><\/p>\n\n\n\n<p>Wir nutzen auf dieser Website&nbsp; \u201ereCAPTCHA, Version 3\u201c, einen&nbsp; Spamschutz der Google Inc. (Google). Wir wei\u00dfen hiermit ausdr\u00fccklich darauf hin, dass wir auf dieser Website reCAPTCHA, Version 3, implementiert haben. Die Nutzung von \u201ereCAPTCHA, Version 3\u201c, unterliegt der&nbsp;<a href=\"https:\/\/www.google.com\/policies\/privacy\/\" target=\"_blank\" rel=\"noreferrer noopener\">Datenschutzerkl\u00e4rung<\/a>&nbsp;und den&nbsp;<a href=\"https:\/\/www.google.com\/policies\/terms\/\" target=\"_blank\" rel=\"noreferrer noopener\">Nutzungsbedingungen<\/a>&nbsp;von Google. \u201ereCAPTCHA\u201c wird von uns nur zur Abwehr von Spam und Missbrauch unserer Website verwendet. reCAPTCHA darf nicht f\u00fcr andere Zwecke wie folgende verwendet werden: Ermittlung der Kreditw\u00fcrdigkeit, der Eignung f\u00fcr eine Arbeitsstelle, von Informationen zu finanziellen Verh\u00e4ltnissen oder der Versicherbarkeit eines Nutzers.<\/p>\n\n\n\n<p><strong>3.7. Widerspruchsrecht<\/strong><\/p>\n\n\n\n<p>Sofern Ihre personenbezogenen Daten auf Grundlage von berechtigten Interessen gem\u00e4\u00df Art. 6 Abs. 1 S. 1 lit. f DSGVO verarbeitet werden, haben Sie das Recht, gem\u00e4\u00df Art. 21 DSGVO Widerspruch gegen die Verarbeitung Ihrer personenbezogenen Daten einzulegen, soweit daf\u00fcr Gr\u00fcnde vorliegen, die sich aus Ihrer besonderen Situation ergeben.<br>M\u00f6chten Sie von Ihrem Widerspruchsrecht Gebrauch machen, gen\u00fcgt eine E-Mail an die in 3.1. genannte E-Mail-Adresse oder ein Schreiben an die angegebene Adresse.<\/p>\n\n\n\n<p><strong>4. Urheberrecht<\/strong><\/p>\n\n\n\n<p>Alle Markennamen, Logos, Titel, Bezeichnungen oder wie auch immer sind Eigentum der jewieligen Markenrechtsinhaber. Der Autor ist bestrebt, in allen Publikationen die Urheberrechte der verwendeten Grafiken, Tondokumente, Videosequenzen und Texte zu beachten, von ihm selbst erstellte Grafiken, Tondokumente, Videosequenzen und Texte zu nutzen oder auf lizenzfreie Grafiken, Tondokumente, Videosequenzen und Texte zur\u00fcckzugreifen.<br>Sollte sich auf den jeweiligen Seiten dennoch eine ungekennzeichnete, aber durch fremdes Copyright gesch\u00fctzte Grafik, ein Tondokument, eine Videosequenz oder Text befinden, so konnte das Copyright vom Autor nicht festgestellt werden. Im Falle einer solchen unbeabsichtigten Copyrightverletzung wird der Autor das entsprechende Objekt nach Benachrichtigung aus seiner Publikation entfernen bzw. mit dem entsprechenden Copyright kenntlich machen.<br>Das Copyright f\u00fcr ver\u00f6ffentlichte, vom Inhaber selbst erstellte Objekte bleibt allein beim Inhaber. Eine Vervielf\u00e4ltigung oder Verwendung solcher Grafiken, Tondokumente, Videosequenzen und Texte in anderen elektronischen oder gedruckten Publikationen ist ohne ausdr\u00fcckliche Zustimmung des Inhabers nicht gestattet. Gibt der Inhaber seine Zustimmung zur Ver\u00f6ffentlichung, teilweisen Ver\u00f6ffentlichung oder sonstigen Verwendung seiner Informationen,<br>so erfolgt dies immer mit Quellenangabe und Zusendung eines Belegexemplars bzw. der Zusendung eines Screenshoots\/Links an den Inhaber. F\u00fcr unverlangt eingesandte Manusskripte und Bildvorlagen wird keine Haftung \u00fcbernommen.<\/p>\n\n\n\n<p><strong>5. Rechtswirksamkeit dieses Haftungsausschlusses<\/strong><\/p>\n\n\n\n<p>Dieser Haftungsausschluss ist als Teil des Internetangebotes zu betrachten, von dem aus auf diese Seite verwiesen wurde. Sofern Teile oder einzelne Formulierungen dieses Textes der geltenden Rechtslage nicht, nicht mehr oder nicht vollst\u00e4ndig entsprechen sollten, bleiben die \u00fcbrigen Teile des Dokumentes in ihrem Inhalt und ihrer G\u00fcltigkeit davon unber\u00fchrt.<\/p>\n","protected":false},"excerpt":{"rendered":"<p>Impressum Redaktionsanschrift: Starke Gefahrgut-BeratungMartin StarkeSommerkamp 1422335 Hamburg Redaktion und inhaltlich verantwortlich gem\u00e4\u00df \u00a7 10 Absatz 3 MDStV:Martin Starke Datenschutzerkl\u00e4rung, Nutzungsbedingungen, Haftungsausschluss, Disclaimer, Abuse, weitere Informationen Alle Informationen auf diesen Seiten [&hellip;]<\/p>\n","protected":false},"author":1,"featured_media":0,"parent":0,"menu_order":0,"comment_status":"closed","ping_status":"closed","template":"","meta":{"footnotes":""},"class_list":["post-31","page","type-page","status-publish","hentry"],"_links":{"self":[{"href":"https:\/\/hamburg-gefahrgut.de\/index.php?rest_route=\/wp\/v2\/pages\/31","targetHints":{"allow":["GET"]}}],"collection":[{"href":"https:\/\/hamburg-gefahrgut.de\/index.php?rest_route=\/wp\/v2\/pages"}],"about":[{"href":"https:\/\/hamburg-gefahrgut.de\/index.php?rest_route=\/wp\/v2\/types\/page"}],"author":[{"embeddable":true,"href":"https:\/\/hamburg-gefahrgut.de\/index.php?rest_route=\/wp\/v2\/users\/1"}],"replies":[{"embeddable":true,"href":"https:\/\/hamburg-gefahrgut.de\/index.php?rest_route=%2Fwp%2Fv2%2Fcomments&post=31"}],"version-history":[{"count":1,"href":"https:\/\/hamburg-gefahrgut.de\/index.php?rest_route=\/wp\/v2\/pages\/31\/revisions"}],"predecessor-version":[{"id":32,"href":"https:\/\/hamburg-gefahrgut.de\/index.php?rest_route=\/wp\/v2\/pages\/31\/revisions\/32"}],"wp:attachment":[{"href":"https:\/\/hamburg-gefahrgut.de\/index.php?rest_route=%2Fwp%2Fv2%2Fmedia&parent=31"}],"curies":[{"name":"wp","href":"https:\/\/api.w.org\/{rel}","templated":true}]}}