{"id":2,"date":"2021-10-01T14:37:32","date_gmt":"2021-10-01T14:37:32","guid":{"rendered":"https:\/\/hamburg-gefahrgut.de\/?page_id=2"},"modified":"2025-12-14T11:30:09","modified_gmt":"2025-12-14T11:30:09","slug":"sample-page","status":"publish","type":"page","link":"https:\/\/hamburg-gefahrgut.de\/?page_id=2","title":{"rendered":"Gefahrgutschulungen"},"content":{"rendered":"\n<p><strong>Termine <\/strong><\/p>\n\n\n\n<p>F\u00fcr die Buchung von Auffrischungskursen wird ein g\u00fcltiges und nicht abgelaufenes Zertifikat verlangt.<br>F\u00fcr jede Schulung wird eine T\u00e4tigeitenachweisanalyse (TNA) und eine Beurteilung ben\u00f6tigt. Wir ben\u00f6tigen von der Beurteilung die folgenden Informationen:<br>&#8211; Datum der letzten Beurteilung<br>&#8211; Art der Beurteilungsdurchf\u00fchrung<br>&#8211; Name des Beurteilenden (es reicht hier der Name der durchf\u00fchrenden Firma)<br>Die Daten werden f\u00fcr das neue Zertifikat verlangt und ist vorgeschrieben gem. der NfL 2022-2-713.  Sollten Sie eine Beurteilung w\u00fcnschen, k\u00f6nnen wir gerne diese bei Ihnen und Ihren Mitarbeitern durchf\u00fchren. Fragen Sie uns!<br>Wir bitten daher um eine \u00dcbermittlung dieser Beurteilung. Diese Beurteilung ben\u00f6tigen wir auch, um Ihre f\u00fcr den Mitarbeiter gew\u00fcnschten Kompetenzen zu st\u00e4rken.<\/p>\n\n\n\n<p><br>Offene Schulungen nach CBTA<\/p>\n\n\n\n<figure class=\"wp-block-table alignfull is-style-stripes\"><table class=\"has-fixed-layout\"><tbody><tr><td class=\"has-text-align-left\" data-align=\"left\"><strong>TB &#8222;A&#8220; &#8211; Grundkurs<\/strong> <strong>f\u00fcr Versender<\/strong> (ohne Klasse 7 (radioaktiv) &#8211; 3 Tage<br>(Preis \u20ac 910,- pro Person zzgl. gesetzlicher MwSt. von 19% )<br>F\u00fcr das Zusatzmodul Klasse 7 (radioaktiv) kommt ein 4. Tag (Datum in Klammern) dazu. Dieses Modul kann dazu gebucht werden f\u00fcr 420,- zzgl. MwSt. pro Person<\/td><td><\/td><\/tr><tr><td class=\"has-text-align-left\" data-align=\"left\">Datum\u00a0\u00a0\u00a0                                                                   <br>26. \u2013 28.01.2026 (29.01.2026)<br>13. \u2013 15.04.2026 (16.04.2026)<br>28. \u2013 30.09.2026 (01.10.2026)<br>09. \u2013 11.11.2026 (12.11.2026)<\/td><td>Kursnummer<br>A-G-JAN26<br>A-G-APR26<br>A-G-SEP26<br>A-G-NOV26<\/td><\/tr><\/tbody><\/table><\/figure>\n\n\n\n<figure class=\"wp-block-table is-style-stripes\"><table class=\"has-fixed-layout\"><tbody><tr><td><strong><strong>TB &#8222;A&#8220; &#8211; Auffrischungskurs<\/strong> f\u00fcr Versender <\/strong>(ohne Klasse 7 ) &#8211; 2 Tage<br>(Preis \u20ac 625,- pro Person zzgl. gesetzlicher MwSt. von 19% ) <br>F\u00fcr das Zusatzmodul Klasse 7 sind es 3 Tage (Preis \u20ac 810,- zzgl. MwSt.)<\/td><td><\/td><\/tr><tr><td>Datum<br>12. \u2013 14.01.2026&nbsp;&nbsp;&nbsp;&nbsp;&nbsp;&nbsp;&nbsp;&nbsp;&nbsp;&nbsp; <br>16. \u2013 18.02.2026&nbsp;&nbsp;&nbsp;&nbsp;&nbsp;&nbsp;&nbsp;&nbsp;&nbsp;&nbsp;&nbsp;&nbsp;&nbsp;&nbsp;<br>09. \u2013 11.03.2026&nbsp;&nbsp;&nbsp;&nbsp;&nbsp;&nbsp;&nbsp;&nbsp;&nbsp;&nbsp;&nbsp;&nbsp;<br>27. \u2013 29.04.2026&nbsp;&nbsp;&nbsp;&nbsp;&nbsp;&nbsp;&nbsp;&nbsp;&nbsp;&nbsp;&nbsp;&nbsp;&nbsp;&nbsp; <br>19. \u2013 21.05.2026&nbsp;&nbsp;&nbsp;&nbsp;&nbsp;&nbsp;&nbsp;&nbsp;&nbsp;&nbsp;&nbsp;&nbsp;&nbsp;&nbsp; <br>09. \u2013 11.06.2026&nbsp;&nbsp;&nbsp;&nbsp;&nbsp;&nbsp;&nbsp;&nbsp;&nbsp;&nbsp;&nbsp;&nbsp;&nbsp;&nbsp; <br>22. \u2013 24.09.2026&nbsp;&nbsp;&nbsp;&nbsp;&nbsp;&nbsp;&nbsp;&nbsp;&nbsp;&nbsp;&nbsp;&nbsp;&nbsp;&nbsp; <br>13. \u2013 15.10.2026&nbsp;&nbsp;&nbsp;&nbsp;&nbsp;&nbsp;&nbsp;&nbsp;&nbsp;&nbsp;&nbsp;&nbsp;&nbsp;&nbsp; <br>23. \u2013 25.11.2026<\/td><td>Kursnummer<br>A-R-JAN-26<br>A-R-FEB-26<br>A-R-MAR-26<br>A-R-APR-26<br>A-R-MAI-26<br>A-R-JUN-26<br>A-R-SEP-26<br>A-R-OKT-26<br>A-R-NOV-26<\/td><\/tr><\/tbody><\/table><\/figure>\n\n\n\n<figure class=\"wp-block-table is-style-stripes\"><table><tbody><tr><td><strong><strong>TB &#8222;A&#8220; beschr\u00e4nkt auf diagnostische Proben (UN3373)<\/strong> f\u00fcr Versender <\/strong><br>(Preis \u20ac 330,- pro Person  zzgl. gesetzlicher MwSt. von 19% )<\/td><td><\/td><td><\/td><td><\/td><td><\/td><td><\/td><\/tr><tr><td>&nbsp;Datum&nbsp;&nbsp;&nbsp;&nbsp;&nbsp;&nbsp;&nbsp;&nbsp;&nbsp;&nbsp;&nbsp;&nbsp;&nbsp;&nbsp;&nbsp;&nbsp;                 Kursnummer<br>12.03.2026 \u2013 Online &nbsp;&nbsp;&nbsp;&nbsp;&nbsp;&nbsp;&nbsp;&nbsp;&nbsp;&nbsp; A-3373MAR-26<\/td><td><\/td><td><\/td><td><\/td><td><\/td><td><br><\/td><\/tr><\/tbody><\/table><\/figure>\n\n\n\n<figure class=\"wp-block-table is-style-stripes\"><table><tbody><tr><td><strong><strong><strong>TB &#8222;A&#8220; beschr\u00e4nkt auf Trockeneis (UN1845)<\/strong> <\/strong>f\u00fcr Versender <br><\/strong>(Preis \u20ac 330,- pro Person  zzgl. gesetzlicher MwSt. von 19% )<\/td><td><\/td><\/tr><tr><td>Datum                                  Kursnummer<br>12.03.2026 \u2013 Online &nbsp;&nbsp;&nbsp;&nbsp;&nbsp;&nbsp;&nbsp;&nbsp;&nbsp;&nbsp; A-1845MAR-26&nbsp;&nbsp;&nbsp;&nbsp;&nbsp;&nbsp;&nbsp;&nbsp;&nbsp;&nbsp;&nbsp;&nbsp;&nbsp;&nbsp;&nbsp; <br>&nbsp;&nbsp;&nbsp;&nbsp;&nbsp;&nbsp;&nbsp;&nbsp;&nbsp;&nbsp;&nbsp;&nbsp;&nbsp;&nbsp;&nbsp;&nbsp;&nbsp;&nbsp; &nbsp;&nbsp;&nbsp;&nbsp;&nbsp;&nbsp;&nbsp;&nbsp;<\/td><td><\/td><\/tr><\/tbody><\/table><\/figure>\n\n\n\n<figure class=\"wp-block-table is-style-stripes\"><table><tbody><tr><td><strong><strong><strong>TB &#8222;A&#8220; beschr\u00e4nkt a<\/strong>uf Lithiumbatterien <\/strong>f\u00fcr Versender <br><\/strong>(Preis \u20ac 330,- pro Tag und pro Person  zzgl. gesetzlicher MwSt. von 19% )<br>Der zweite Tag ist f\u00fcr Personen, die Versendererkl\u00e4rungen (Shipper\u00b4s Declaration) erstellen m\u00fcssen.<\/td><td><\/td><td><\/td><td><\/td><\/tr><tr><td>Datum&nbsp;&nbsp;&nbsp;&nbsp;&nbsp;&nbsp;&nbsp;&nbsp;&nbsp;&nbsp;&nbsp;&nbsp;&nbsp;&nbsp;&nbsp;&nbsp;&nbsp;&nbsp;                                   Kursnummer<br>26.\/27.11.2026 \u2013 Online&nbsp;&nbsp;&nbsp;&nbsp;&nbsp;&nbsp;&nbsp;&nbsp;&nbsp;&nbsp;&nbsp;&nbsp;&nbsp;&nbsp;&nbsp; &nbsp;&nbsp;&nbsp;&nbsp;&nbsp;&nbsp;&nbsp;&nbsp; A-LITMAR-26<\/td><td><\/td><td><\/td><td>&nbsp;<\/td><\/tr><\/tbody><\/table><\/figure>\n\n\n\n<figure class=\"wp-block-table is-style-stripes\"><table class=\"has-fixed-layout\"><tbody><tr><td><strong>TB &#8222;C&#8220; &#8211; Grundkurs<\/strong> <strong>f\u00fcr Spediteure<\/strong> (ohne Klasse 7 (radioaktiv) &#8211; 3 Tage<br>(Preis \u20ac 910,- pro Person zzgl. gesetzlicher MwSt. von 19% )<br>F\u00fcr das Zusatzmodul Klasse 7 (radioaktiv) kommt ein 4. Tag (Datum in Klammern) dazu. Dieses Modul kann dazu gebucht werden f\u00fcr 420,- zzgl. MwSt. pro Person<\/td><td><\/td><\/tr><tr><td>Datum<\/td><td>Kursnummer<\/td><\/tr><tr><td>26. \u2013 28.01.2026 (29.01.2026)<br>13. \u2013 15.04.2026 (16.04.2026)<br>28. \u2013 30.09.2026 (01.10.2026)<br>09. \u2013 11.11.2026 (12.11.2026)<\/td><td>A-G-JAN26<br>A-G-APR26<br>A-G-SEP26<br>A-G-NOV26<\/td><\/tr><\/tbody><\/table><\/figure>\n\n\n\n<figure class=\"wp-block-table\"><table class=\"has-fixed-layout\"><tbody><tr><td><strong><strong>TB &#8222;C&#8220; &#8211; Auffrischungskurs<\/strong> f\u00fcr Speditionen<\/strong> (ohne Klasse 7 ) &#8211; 2 Tage<br>(Preis \u20ac 625,- pro Person zzgl. gesetzlicher MwSt. von 19% ) <br>F\u00fcr das Zusatzmodul Klasse 7 sind es 3 Tage (Preis \u20ac 810,- zzgl. MwSt.)<\/td><\/tr><\/tbody><\/table><\/figure>\n\n\n\n<figure class=\"wp-block-table is-style-stripes\"><table class=\"has-fixed-layout\"><tbody><tr><td>Datum<\/td><td>Kursnummer<\/td><\/tr><tr><td>12. \u2013 14.01.2026&nbsp;&nbsp;&nbsp;&nbsp;&nbsp;&nbsp;&nbsp;&nbsp;&nbsp;&nbsp; <br>16. \u2013 18.02.2026&nbsp;&nbsp;&nbsp;&nbsp;&nbsp;&nbsp;&nbsp;&nbsp;&nbsp;&nbsp;&nbsp;&nbsp;&nbsp;&nbsp;<br>09. \u2013 11.03.2026&nbsp;&nbsp;&nbsp;&nbsp;&nbsp;&nbsp;&nbsp;&nbsp;&nbsp;&nbsp;&nbsp;&nbsp;<br>27. \u2013 29.04.2026&nbsp;&nbsp;&nbsp;&nbsp;&nbsp;&nbsp;&nbsp;&nbsp;&nbsp;&nbsp;&nbsp;&nbsp;&nbsp;&nbsp; <br>19. \u2013 21.05.2026&nbsp;&nbsp;&nbsp;&nbsp;&nbsp;&nbsp;&nbsp;&nbsp;&nbsp;&nbsp;&nbsp;&nbsp;&nbsp;&nbsp; <br>09. \u2013 11.06.2026&nbsp;&nbsp;&nbsp;&nbsp;&nbsp;&nbsp;&nbsp;&nbsp;&nbsp;&nbsp;&nbsp;&nbsp;&nbsp;&nbsp; <br>22. \u2013 24.09.2026&nbsp;&nbsp;&nbsp;&nbsp;&nbsp;&nbsp;&nbsp;&nbsp;&nbsp;&nbsp;&nbsp;&nbsp;&nbsp;&nbsp; <br>13. \u2013 15.10.2026&nbsp;&nbsp;&nbsp;&nbsp;&nbsp;&nbsp;&nbsp;&nbsp;&nbsp;&nbsp;&nbsp;&nbsp;&nbsp;&nbsp; <br>23. \u2013 25.11.2026&nbsp;<\/td><td>A-R-JAN-26<br>A-R-FEB-26<br>A-R-MAR-26<br>A-R-APR-26<br>A-R-MAI-26<br>A-R-JUN-26<br>A-R-SEP-26<br>A-R-OKT-26<br>A-R-NOV-26<\/td><\/tr><\/tbody><\/table><\/figure>\n\n\n\n<figure class=\"wp-block-table\"><table class=\"has-fixed-layout\"><tbody><tr><td><strong>TB &#8222;F&#8220; &#8211; Grundkurs<\/strong> <strong>f\u00fcr Airlinemitarbeiter\/ Luftfrachthandlingsagenten<\/strong> (ohne Klasse 7 (radioaktiv) &#8211; 3 Tage<br>(Preis \u20ac 910,- pro Person zzgl. gesetzlicher MwSt. von 19% )<br>F\u00fcr das Zusatzmodul Klasse 7 (radioaktiv) kommt ein 4. Tag (Datum in Klammern) dazu. Dieses Modul kann dazu gebucht werden f\u00fcr 420,- zzgl. MwSt. pro Person<\/td><\/tr><\/tbody><\/table><\/figure>\n\n\n\n<figure class=\"wp-block-table is-style-stripes\"><table class=\"has-fixed-layout\"><tbody><tr><td>Datum<\/td><td>Kursnummer<\/td><\/tr><tr><td>26. \u2013 28.01.2026 (29.01.2026)<br>13. \u2013 15.04.2026 (16.04.2026)<br>28. \u2013 30.09.2026 (01.10.2026)<br>09. \u2013 11.11.2026 (12.11.2026)<\/td><td>A-G-JAN26<br>A-G-APR26<br>A-G-SEP26<br>A-G-NOV26<\/td><\/tr><\/tbody><\/table><\/figure>\n\n\n\n<figure class=\"wp-block-table\"><table class=\"has-fixed-layout\"><tbody><tr><td><strong><strong>TB <strong>&#8222;F&#8220; &#8211; <\/strong>Auffrischungskurs <strong>f\u00fcr Airlinemitarbeiter\/Luftfrachthandlingsagenten<\/strong><\/strong><\/strong> (ohne Klasse 7 ) &#8211; 2 Tage<br>(Preis \u20ac 625,- pro Person zzgl. gesetzlicher MwSt. von 19% ) <br>F\u00fcr das Zusatzmodul Klasse 7 sind es 3 Tage (Preis \u20ac 810,- zzgl. MwSt.)<\/td><\/tr><\/tbody><\/table><\/figure>\n\n\n\n<figure class=\"wp-block-table is-style-stripes\"><table class=\"has-fixed-layout\"><tbody><tr><td>Datum<\/td><td>Kursnummer<\/td><\/tr><tr><td>12. \u2013 14.01.2026&nbsp;&nbsp;&nbsp;&nbsp;&nbsp;&nbsp;&nbsp;&nbsp;&nbsp;&nbsp; <br>16. \u2013 18.02.2026&nbsp;&nbsp;&nbsp;&nbsp;&nbsp;&nbsp;&nbsp;&nbsp;&nbsp;&nbsp;&nbsp;&nbsp;&nbsp;&nbsp;<br>09. \u2013 11.03.2026&nbsp;&nbsp;&nbsp;&nbsp;&nbsp;&nbsp;&nbsp;&nbsp;&nbsp;&nbsp;&nbsp;&nbsp;<br>27. \u2013 29.04.2026&nbsp;&nbsp;&nbsp;&nbsp;&nbsp;&nbsp;&nbsp;&nbsp;&nbsp;&nbsp;&nbsp;&nbsp;&nbsp;&nbsp; <br>19. \u2013 21.05.2026&nbsp;&nbsp;&nbsp;&nbsp;&nbsp;&nbsp;&nbsp;&nbsp;&nbsp;&nbsp;&nbsp;&nbsp;&nbsp;&nbsp; <br>09. \u2013 11.06.2026&nbsp;&nbsp;&nbsp;&nbsp;&nbsp;&nbsp;&nbsp;&nbsp;&nbsp;&nbsp;&nbsp;&nbsp;&nbsp;&nbsp; <br>22. \u2013 24.09.2026&nbsp;&nbsp;&nbsp;&nbsp;&nbsp;&nbsp;&nbsp;&nbsp;&nbsp;&nbsp;&nbsp;&nbsp;&nbsp;&nbsp; <br>13. \u2013 15.10.2026&nbsp;&nbsp;&nbsp;&nbsp;&nbsp;&nbsp;&nbsp;&nbsp;&nbsp;&nbsp;&nbsp;&nbsp;&nbsp;&nbsp; <br>23. \u2013 25.11.2026&nbsp;&nbsp;&nbsp;&nbsp;&nbsp;&nbsp;&nbsp;&nbsp;&nbsp;&nbsp;&nbsp;&nbsp;&nbsp;&nbsp; <\/td><td>A-R-JAN-26<br>A-R-FEB-26<br>A-R-MAR-26<br>A-R-APR-26<br>A-R-MAI-26<br>A-R-JUN-26<br>A-R-SEP-26<br>A-R-OKT-26<br>A-R-NOV-26<\/td><\/tr><\/tbody><\/table><\/figure>\n\n\n\n<p><\/p>\n","protected":false},"excerpt":{"rendered":"<p>Termine F\u00fcr die Buchung von Auffrischungskursen wird ein g\u00fcltiges und nicht abgelaufenes Zertifikat verlangt.F\u00fcr jede Schulung wird eine T\u00e4tigeitenachweisanalyse (TNA) und eine Beurteilung ben\u00f6tigt. Wir ben\u00f6tigen von der Beurteilung die [&hellip;]<\/p>\n","protected":false},"author":1,"featured_media":0,"parent":0,"menu_order":0,"comment_status":"closed","ping_status":"open","template":"","meta":{"footnotes":""},"class_list":["post-2","page","type-page","status-publish","hentry"],"_links":{"self":[{"href":"https:\/\/hamburg-gefahrgut.de\/index.php?rest_route=\/wp\/v2\/pages\/2","targetHints":{"allow":["GET"]}}],"collection":[{"href":"https:\/\/hamburg-gefahrgut.de\/index.php?rest_route=\/wp\/v2\/pages"}],"about":[{"href":"https:\/\/hamburg-gefahrgut.de\/index.php?rest_route=\/wp\/v2\/types\/page"}],"author":[{"embeddable":true,"href":"https:\/\/hamburg-gefahrgut.de\/index.php?rest_route=\/wp\/v2\/users\/1"}],"replies":[{"embeddable":true,"href":"https:\/\/hamburg-gefahrgut.de\/index.php?rest_route=%2Fwp%2Fv2%2Fcomments&post=2"}],"version-history":[{"count":21,"href":"https:\/\/hamburg-gefahrgut.de\/index.php?rest_route=\/wp\/v2\/pages\/2\/revisions"}],"predecessor-version":[{"id":143,"href":"https:\/\/hamburg-gefahrgut.de\/index.php?rest_route=\/wp\/v2\/pages\/2\/revisions\/143"}],"wp:attachment":[{"href":"https:\/\/hamburg-gefahrgut.de\/index.php?rest_route=%2Fwp%2Fv2%2Fmedia&parent=2"}],"curies":[{"name":"wp","href":"https:\/\/api.w.org\/{rel}","templated":true}]}}